



{"id":3126,"date":"2016-03-17T15:04:15","date_gmt":"2016-03-17T13:04:15","guid":{"rendered":"http:\/\/www.georgblaschke.com\/en\/?page_id=3126"},"modified":"2016-05-17T19:13:45","modified_gmt":"2016-05-17T17:13:45","slug":"publications","status":"publish","type":"page","link":"http:\/\/www.georgblaschke.com\/en\/publications\/","title":{"rendered":"Publications"},"content":{"rendered":"<p>[:de]Die Praxis der konkreten Umsetzung von Idee und Vision in ein k\u00fcnstlerisches Ergebnis ben\u00f6tigt Unterst\u00fctzung, Motivation und Zusammenarbeit. Folgende Partner und Institutionen haben w\u00e4hrend der letzten Jahre entscheidend zur Realisierung zahlreicher Projekte und Kollaborationen beigetragen und dadurch einen kontinuierlichen Fortgang der k\u00fcnstlerischen Aktivit\u00e4ten gef\u00f6rdert. \u00a0 [:de]Die Praxis der konkreten Umsetzung von Idee und Vision in ein k\u00fcnstlerisches Ergebnis ben\u00f6tigt Unterst\u00fctzung, Motivation und Zusammenarbeit. Folgende Partner und Institutionen haben w\u00e4hrend der letzten Jahre entscheidend zur Realisierung zahlreicher Projekte und Kollaborationen beigetragen und dadurch einen kontinuierlichen Fortgang der k\u00fcnstlerischen Aktivit\u00e4ten gef\u00f6rdert. <strong>Institutionen<\/strong> <a href=\"http:\/\/www.impulstanz.com\/de\/\" target=\"_blank\">ImPulsTanz Vienna International Dance Festival<\/a> <a title=\"D.ID Dance Identity\" href=\"http:\/\/dance-identity.com\">D.ID Dance Identity<\/a> <a title=\"Konservatorium Wien Privatuniversit\u00e4t\" href=\"http:\/\/konservatorium-wien.ac.at\">Konservatorium Wien Privatuniversit\u00e4t<\/a> <a title=\"Feldenkrais Institut Wien\" href=\"http:\/\/feldenkraisinstitut.at\">Feldenkrais Institut Wien<\/a> <a title=\"Kibbutzim College of Education, Technology and the Arts\" href=\"http:\/\/smkb.ac.il\/en\/\">Kibbutzim College of Education, Technology and the Arts<\/a> <a title=\"Institute of Dance Arts\/Anton Bruckner Privatuniversit\u00e4t\" href=\"http:\/\/bruckneruni.at\">Institute of Dance Arts\/ Anton Bruckner Privatuniversit\u00e4t<\/a> <a title=\"Theater Odeon Wien\" href=\"http:\/\/odeon-theater.at\">Theater Odeon Wien<\/a> <a title=\"Gem\u00e4ldegalerie der Akademie der bildenen K\u00fcnste Wien\" href=\"http:\/\/akademiegalerie.at\">Gem\u00e4ldegalerie der Akademie der bildenden K\u00fcnste Wien<\/a> <a title=\"brick-5\" href=\"http:\/\/brick-5.at\">brick-5<\/a> <a title=\"Center for Choreography Bleiburg\/Pliberk\" href=\"http:\/\/centerforchoreography.com\">Center for Choreography Bleiburg\/Pliberk<\/a> <strong>F\u00f6rderer <\/strong>Kulturabteilung der Stadt Wien Bundeskanzleramt, Sektion Kunst und Kultur \u00a0 [:en]A concrete manifestation of an idea and a vision needs motivation, support and a collaborative practice. The following partners and institutions have crucially contributed to the continuity of our artistic activities and thus enabled the realization of numerous projects. <strong>Institutions <\/strong> <a href=\"http:\/\/www.impulstanz.com\/de\/\" target=\"_blank\">ImPulsTanz Vienna International Dance Festival<\/a> <a title=\"D.ID Dance Identity\" href=\"http:\/\/dance-identity.com\">D.ID Dance Identity<\/a> <a title=\"Konservatorium Wien Privatuniversit\u00e4t\" href=\"http:\/\/konservatorium-wien.ac.at\">Konservatorium Wien Privatuniversit\u00e4t<\/a> <a title=\"Feldenkrais Institut Wien\" href=\"http:\/\/feldenkraisinstitut.at\">Feldenkrais Institut Wien<\/a> <a title=\"Kibbutzim College of Education, Technology and the Arts\" href=\"http:\/\/smkb.ac.il\/en\/\">Kibbutzim College of Education, Technology and the Arts<\/a> <a title=\"Institute of Dance Arts\/Anton Bruckner Privatuniversit\u00e4t\" href=\"http:\/\/bruckneruni.at\">Institute of Dance Arts\/ Anton Bruckner Privatuniversit\u00e4t<\/a> <a title=\"Theater Odeon Wien\" href=\"http:\/\/odeon-theater.at\">Theater Odeon Wien<\/a> <a title=\"Gem\u00e4ldegalerie der Akademie der bildenen K\u00fcnste Wien\" href=\"http:\/\/akademiegalerie.at\">Gem\u00e4ldegalerie der Akademie der bildenden K\u00fcnste Wien<\/a> <a title=\"brick-5\" href=\"http:\/\/brick-5.at\">brick-5<\/a> <a title=\"Center for Choreography Bleiburg\/Pliberk\" href=\"http:\/\/centerforchoreography.com\">Center for Choreography Bleiburg\/Pliberk<\/a> <strong>Supporters<\/strong> Cultural Department of the City of Vienna Federal Chancellery, Department for Arts and Culture<\/p>\n","protected":false},"excerpt":{"rendered":"<p>Institutionen, F\u00f6derer und Freunde<\/p>\n","protected":false},"author":1,"featured_media":0,"parent":0,"menu_order":0,"comment_status":"open","ping_status":"open","template":"","meta":[],"_links":{"self":[{"href":"http:\/\/www.georgblaschke.com\/en\/wp-json\/wp\/v2\/pages\/3126"}],"collection":[{"href":"http:\/\/www.georgblaschke.com\/en\/wp-json\/wp\/v2\/pages"}],"about":[{"href":"http:\/\/www.georgblaschke.com\/en\/wp-json\/wp\/v2\/types\/page"}],"author":[{"embeddable":true,"href":"http:\/\/www.georgblaschke.com\/en\/wp-json\/wp\/v2\/users\/1"}],"replies":[{"embeddable":true,"href":"http:\/\/www.georgblaschke.com\/en\/wp-json\/wp\/v2\/comments?post=3126"}],"version-history":[{"count":7,"href":"http:\/\/www.georgblaschke.com\/en\/wp-json\/wp\/v2\/pages\/3126\/revisions"}],"predecessor-version":[{"id":3268,"href":"http:\/\/www.georgblaschke.com\/en\/wp-json\/wp\/v2\/pages\/3126\/revisions\/3268"}],"wp:attachment":[{"href":"http:\/\/www.georgblaschke.com\/en\/wp-json\/wp\/v2\/media?parent=3126"}],"curies":[{"name":"wp","href":"https:\/\/api.w.org\/{rel}","templated":true}]}}